{"id":2142,"date":"2024-08-13T08:01:14","date_gmt":"2024-08-13T08:01:14","guid":{"rendered":"https:\/\/www.api-paperchem.at\/applications\/"},"modified":"2025-02-19T09:28:44","modified_gmt":"2025-02-19T09:28:44","slug":"applications","status":"publish","type":"page","link":"https:\/\/www.api-paperchem.at\/fr\/applications\/","title":{"rendered":"Applications"},"content":{"rendered":"\n<div class=\"wp-block-group has-global-padding is-layout-constrained wp-container-core-group-is-layout-1 wp-block-group-is-layout-constrained\" style=\"margin-top:0;margin-bottom:var(--wp--preset--spacing--40)\">\n<h1 class=\"wp-block-heading has-text-align-center\" style=\"margin-top:0;padding-top:1px;padding-bottom:1px\">Applications<\/h1>\n\n\n\n<p class=\"has-text-align-center\">Casses, contaminations, interruptions de production &#8211; vous avez un probl\u00e8me concret ? Nous avons la solution parfaite. Plut\u00f4t que de recourir \u00e0 des produits pr\u00eats \u00e0 l&#8217;emploi, nous privil\u00e9gions la personnalisation chimique et d\u00e9veloppons des produits sur mesure, sans compromis.<\/p>\n<\/div>\n\n<div class=\"wp-block-group alignwide has-global-padding is-layout-constrained wp-block-group-is-layout-constrained\" style=\"margin-bottom:var(--wp--preset--spacing--60)\">\n<div class=\"wp-block-query alignwide is-layout-flow wp-block-query-is-layout-flow\"><ul class=\"columns-4 applications wp-block-post-template is-layout-grid wp-container-core-post-template-is-layout-1 wp-block-post-template-is-layout-grid\"><li class=\"wp-block-post post-2434 application type-application status-publish hentry category-applications-microbiologiques application-lutte-contre-les-depots-biologiques\">\n\n<div class=\"wp-block-group has-global-padding is-layout-constrained wp-block-group-is-layout-constrained\"><img decoding=\"async\" class=\"application-icon\" src=\"https:\/\/www.api-paperchem.at\/wp-content\/uploads\/2024\/08\/Schleimbekaempfung-white.svg\" alt=\"Application Icon\" \/>\n\n<h3 class=\"wp-block-post-title has-normal-font-size has-roboto-slab-font-family\">Lutte contre les d\u00e9p\u00f4ts biologiques<\/h3><\/div>\n\n<\/li><li class=\"wp-block-post post-2482 application type-application status-publish hentry category-applications-microbiologiques application-traitement-biologique-et-chimique-de-leau-fraiche\">\n\n<div class=\"wp-block-group has-global-padding is-layout-constrained wp-block-group-is-layout-constrained\"><img decoding=\"async\" class=\"application-icon\" src=\"https:\/\/www.api-paperchem.at\/wp-content\/uploads\/2024\/08\/BioFrischwasser-white.svg\" alt=\"Application Icon\" \/>\n\n<h3 class=\"wp-block-post-title has-normal-font-size has-roboto-slab-font-family\">Traitement biologique et chimique de l&rsquo;eau fra\u00eeche<\/h3><\/div>\n\n<\/li><li class=\"wp-block-post post-2438 application type-application status-publish hentry category-applications-microbiologiques application-conditionnement-en-circuit-ferme\">\n\n<div class=\"wp-block-group has-global-padding is-layout-constrained wp-block-group-is-layout-constrained\"><img decoding=\"async\" class=\"application-icon\" src=\"https:\/\/www.api-paperchem.at\/wp-content\/uploads\/2024\/08\/Kreislaufkonditionierung-white.svg\" alt=\"Application Icon\" \/>\n\n<h3 class=\"wp-block-post-title has-normal-font-size has-roboto-slab-font-family\">Conditionnement en circuit ferm\u00e9<\/h3><\/div>\n\n<\/li><li class=\"wp-block-post post-2480 application type-application status-publish hentry category-applications-microbiologiques application-conservation\">\n\n<div class=\"wp-block-group has-global-padding is-layout-constrained wp-block-group-is-layout-constrained\"><img decoding=\"async\" class=\"application-icon\" src=\"https:\/\/www.api-paperchem.at\/wp-content\/uploads\/2024\/08\/Konservierung-white.svg\" alt=\"Application Icon\" \/>\n\n<h3 class=\"wp-block-post-title has-normal-font-size has-roboto-slab-font-family\">Conservation<\/h3><\/div>\n\n<\/li><li class=\"wp-block-post post-2486 application type-application status-publish hentry category-applications-microbiologiques application-lutte-contre-la-catalase\">\n\n<div class=\"wp-block-group has-global-padding is-layout-constrained wp-block-group-is-layout-constrained\"><img decoding=\"async\" class=\"application-icon\" src=\"https:\/\/www.api-paperchem.at\/wp-content\/uploads\/2024\/08\/Katalasebekaempfung-white.svg\" alt=\"Application Icon\" \/>\n\n<h3 class=\"wp-block-post-title has-normal-font-size has-roboto-slab-font-family\">Lutte contre la catalase<\/h3><\/div>\n\n<\/li><li class=\"wp-block-post post-2436 application type-application status-publish hentry category-controle-chimique-des-depots application-lutte-contre-la-resine-et-les-stickies-dans-la-masse\">\n\n<div class=\"wp-block-group has-global-padding is-layout-constrained wp-block-group-is-layout-constrained\"><img decoding=\"async\" class=\"application-icon\" src=\"https:\/\/www.api-paperchem.at\/wp-content\/uploads\/2024\/08\/HarzSticky-white.svg\" alt=\"Application Icon\" \/>\n\n<h3 class=\"wp-block-post-title has-normal-font-size has-roboto-slab-font-family\">Lutte contre la r\u00e9sine et les stickies dans la masse<\/h3><\/div>\n\n<\/li><li class=\"wp-block-post post-2442 application type-application status-publish hentry category-controle-chimique-des-depots application-inhibiteurs-de-calcification-dispersants\">\n\n<div class=\"wp-block-group has-global-padding is-layout-constrained wp-block-group-is-layout-constrained\"><img decoding=\"async\" class=\"application-icon\" src=\"https:\/\/www.api-paperchem.at\/wp-content\/uploads\/2024\/08\/Verkalkungsinhibitoren-white.svg\" alt=\"Application Icon\" \/>\n\n<h3 class=\"wp-block-post-title has-normal-font-size has-roboto-slab-font-family\">Inhibiteurs d&rsquo;entartrage &amp; dispersants<\/h3><\/div>\n\n<\/li><li class=\"wp-block-post post-2445 application type-application status-publish hentry category-controle-chimique-des-depots application-conditionnement-de-tamis-humide-et-de-feutre-de-presse\">\n\n<div class=\"wp-block-group has-global-padding is-layout-constrained wp-block-group-is-layout-constrained\"><img decoding=\"async\" class=\"application-icon\" src=\"https:\/\/www.api-paperchem.at\/wp-content\/uploads\/2024\/08\/Nassiebkonditionierung-white.svg\" alt=\"Application Icon\" \/>\n\n<h3 class=\"wp-block-post-title has-normal-font-size has-roboto-slab-font-family\">Conditionnement de toiles humides et des feutres de presse<\/h3><\/div>\n\n<\/li><li class=\"wp-block-post post-2449 application type-application status-publish hentry category-controle-chimique-des-depots application-conditionnement-de-la-toile-seche\">\n\n<div class=\"wp-block-group has-global-padding is-layout-constrained wp-block-group-is-layout-constrained\"><img decoding=\"async\" class=\"application-icon\" src=\"https:\/\/www.api-paperchem.at\/wp-content\/uploads\/2024\/08\/Trockensiebkonditionierung-white.svg\" alt=\"Application Icon\" \/>\n\n<h3 class=\"wp-block-post-title has-normal-font-size has-roboto-slab-font-family\">Conditionnement des toiles de s\u00e9cherie<\/h3><\/div>\n\n<\/li><li class=\"wp-block-post post-2481 application type-application status-publish hentry category-maintenance-technique-mesures-periodiques application-nettoyant-pour-systeme-habillages-produit-moussant\">\n\n<div class=\"wp-block-group has-global-padding is-layout-constrained wp-block-group-is-layout-constrained\"><img decoding=\"async\" class=\"application-icon\" src=\"https:\/\/www.api-paperchem.at\/wp-content\/uploads\/2024\/08\/SystemBespannungsreiniger-white.svg\" alt=\"Application Icon\" \/>\n\n<h3 class=\"wp-block-post-title has-normal-font-size has-roboto-slab-font-family\">Nettoyant pour syst\u00e8me, habillages &amp; produit moussant<\/h3><\/div>\n\n<\/li><li class=\"wp-block-post post-2477 application type-application status-publish hentry category-maintenance-technique-mesures-periodiques application-applications-de-nettoyage-specifiques\">\n\n<div class=\"wp-block-group has-global-padding is-layout-constrained wp-block-group-is-layout-constrained\"><img decoding=\"async\" class=\"application-icon\" src=\"https:\/\/www.api-paperchem.at\/wp-content\/uploads\/2024\/08\/SpezielleReinigungsanwendungen-white.svg\" alt=\"Application Icon\" \/>\n\n<h3 class=\"wp-block-post-title has-normal-font-size has-roboto-slab-font-family\">Applications de nettoyage sp\u00e9cifiques<\/h3><\/div>\n\n<\/li><\/ul><\/div>\n<\/div>\n","protected":false},"excerpt":{"rendered":"<p>Applications Casses, contaminations, interruptions de production &#8211; vous avez un probl\u00e8me concret ? Nous avons la solution parfaite. Plut\u00f4t que de recourir \u00e0 des produits pr\u00eats \u00e0 l&#8217;emploi, nous privil\u00e9gions la personnalisation chimique et d\u00e9veloppons des produits sur mesure, sans compromis.<\/p>\n","protected":false},"author":1,"featured_media":1954,"parent":0,"menu_order":0,"comment_status":"closed","ping_status":"closed","template":"","meta":{"_acf_changed":false,"inline_featured_image":false,"footnotes":""},"class_list":["post-2142","page","type-page","status-publish","has-post-thumbnail","hentry"],"acf":[],"_links":{"self":[{"href":"https:\/\/www.api-paperchem.at\/fr\/wp-json\/wp\/v2\/pages\/2142","targetHints":{"allow":["GET"]}}],"collection":[{"href":"https:\/\/www.api-paperchem.at\/fr\/wp-json\/wp\/v2\/pages"}],"about":[{"href":"https:\/\/www.api-paperchem.at\/fr\/wp-json\/wp\/v2\/types\/page"}],"author":[{"embeddable":true,"href":"https:\/\/www.api-paperchem.at\/fr\/wp-json\/wp\/v2\/users\/1"}],"replies":[{"embeddable":true,"href":"https:\/\/www.api-paperchem.at\/fr\/wp-json\/wp\/v2\/comments?post=2142"}],"version-history":[{"count":3,"href":"https:\/\/www.api-paperchem.at\/fr\/wp-json\/wp\/v2\/pages\/2142\/revisions"}],"predecessor-version":[{"id":3276,"href":"https:\/\/www.api-paperchem.at\/fr\/wp-json\/wp\/v2\/pages\/2142\/revisions\/3276"}],"wp:featuredmedia":[{"embeddable":true,"href":"https:\/\/www.api-paperchem.at\/fr\/wp-json\/wp\/v2\/media\/1954"}],"wp:attachment":[{"href":"https:\/\/www.api-paperchem.at\/fr\/wp-json\/wp\/v2\/media?parent=2142"}],"curies":[{"name":"wp","href":"https:\/\/api.w.org\/{rel}","templated":true}]}}