{"id":2392,"date":"2024-08-19T15:36:50","date_gmt":"2024-08-19T15:36:50","guid":{"rendered":"https:\/\/www.api-paperchem.at\/construction-dinstallations\/"},"modified":"2025-04-14T15:37:06","modified_gmt":"2025-04-14T15:37:06","slug":"construction-dinstallations","status":"publish","type":"page","link":"https:\/\/www.api-paperchem.at\/fr\/construction-dinstallations\/","title":{"rendered":"Construction d&rsquo;installations"},"content":{"rendered":"\n<div class=\"wp-block-group has-global-padding is-layout-constrained wp-block-group-is-layout-constrained\" style=\"margin-top:var(--wp--preset--spacing--20);margin-bottom:var(--wp--preset--spacing--20);padding-top:0;padding-bottom:0\">\n<div class=\"wp-block-group has-global-padding is-layout-constrained wp-container-core-group-is-layout-1 wp-block-group-is-layout-constrained\" style=\"margin-top:var(--wp--preset--spacing--40);margin-bottom:var(--wp--preset--spacing--40)\">\n<h1 class=\"wp-block-heading has-text-align-center\" style=\"margin-bottom:var(--wp--preset--spacing--20)\">Construction d&rsquo;installations<\/h1>\n\n\n\n<p class=\"has-text-align-center\">Nous d\u00e9veloppons des concepts de dosage sp\u00e9cialement adapt\u00e9s \u00e0 vos besoins, installons les \u00e9quipements de dosage correspondants et assurons leur fonctionnement en continu. Notre objectif est de garantir une efficacit\u00e9 maximale et des processus fluides dans votre production, afin que vous puissiez vous concentrer sur votre c\u0153ur de m\u00e9tier.<\/p>\n<\/div>\n\n\n\n<div class=\"wp-block-columns alignwide is-layout-flex wp-container-core-columns-is-layout-1 wp-block-columns-is-layout-flex\">\n<div class=\"wp-block-column is-layout-flow wp-block-column-is-layout-flow\">\n<div class=\"interactive-image-background\"><img decoding=\"async\" src=\"https:\/\/www.api-paperchem.at\/wp-content\/uploads\/2024\/09\/API_Chemie-Papierindustrie-Dosierkonzepte-square.jpg\" alt=\"Arri\u00e8re-plan\"><div class=\"interactive-image-overlay\"><div class=\"interactive-image-overlay-header\"><div><svg xmlns=\"http:\/\/www.w3.org\/2000\/svg\" aria-hidden=\"true\" data-name=\"Dosierkonzepte\" viewbox=\"0 0 40 40\" class=\"svg-icon\" id=\"Dosierkonzepte\" style=\"width:35px;height:auto\"><path d=\"M39.3 15.1c-.2-.3-.6-.4-.9-.4H22.3c-1.6-4.9-5.9-8.5-10.2-8.5S3.5 9.8 2 14.7h-.3c-.4 0-.8.2-1.1.5-.2.4-.3.8-.2 1.2l4.9 16c.1.5.6.9 1.2.9h11.4c.6 0 1.1-.4 1.2-.9l3.4-11.3h16c.3 0 .7-.1.9-.4.2-.2.3-.6.4-.9V16c0-.3-.1-.7-.4-.9Zm-34.6-.4c1.4-3.4 4.5-5.8 7.4-5.8s6 2.5 7.4 5.8zm2.7 16-4-13.4h33.8v1.1H20.9c0 .1-.1.2-.2.2h-.1c0 .1-.2.3-.2.3s0 .1-.1.3l-3.4 11.4H7.4Z\" style=\"fill:#e84248;stroke-width:0\"><\/path><\/svg><\/div><p class=\"interactive-image-title\">Concepts de dosage<\/p><\/div><div class=\"interactive-image-overlay-content\"><p class=\"interactive-image-content\">Des concepts de dosage innovants, con\u00e7us sur mesure pour r\u00e9pondre \u00e0 vos besoins sp\u00e9cifiques<\/p><\/div><\/div><\/div>\n<\/div>\n\n\n\n<div class=\"wp-block-column is-layout-flow wp-block-column-is-layout-flow\">\n<div class=\"interactive-image-background\"><img decoding=\"async\" src=\"https:\/\/www.api-paperchem.at\/wp-content\/uploads\/2024\/09\/API_Chemie-Papierindustrie-Verfahrenstechnik-square.jpg\" alt=\"Arri\u00e8re-plan\"><div class=\"interactive-image-overlay\"><div class=\"interactive-image-overlay-header\"><div><svg xmlns=\"http:\/\/www.w3.org\/2000\/svg\" id=\"Verfahrenstechnik\" aria-hidden=\"true\" data-name=\"Verfahrenstechnik\" viewbox=\"0 0 40 40\" class=\"svg-icon\" style=\"width:35px;height:auto\"><defs><style>.Verfahrenstechnik_svg__cls-1{fill:#e84248;stroke-width:0}<\/style><\/defs><path d=\"M19.4 24.1c1.2 0 2.3-.5 3.2-1.3s1.3-2 1.3-3.2c0-2.5-2-4.5-4.5-4.5s-4.5 2-4.5 4.5 2 4.5 4.5 4.5m-2.5-4.5c0-1.4 1.1-2.6 2.6-2.6 1.4 0 2.6 1.2 2.6 2.6s-1.2 2.6-2.6 2.6-2.6-1.2-2.6-2.6\" class=\"Verfahrenstechnik_svg__cls-1\"><\/path><path d=\"M22.1 28.8v-1.4c.3 0 .6-.2.9-.3l1 1c.2.2.4.3.7.3s.5 0 .7-.3l2.5-2.5c.2-.2.3-.4.3-.7s-.1-.5-.3-.7l-1-1 .3-.9h1.4c.5 0 1-.4 1-1v-3.5c0-.5-.4-1-1-1h-1.4c0-.2-.2-.5-.3-.7l1-1.3c.3-.4.3-.9 0-1.3L25.4 11c-.4-.4-1-.4-1.3 0l-1 1-.9-.3v-1.4c0-.5-.4-1-1-1h-3.6v.2-.2c-.5 0-.9.5-.9 1v1.4c-.3 0-.6.2-.9.3l-1-1c-.4-.4-1-.4-1.3 0L11 13.5c-.3.3-.4.9 0 1.3l1 1.3c0 .2-.2.4-.3.7h-1.4c-.5 0-1 .4-1 1v3.5c0 .5.4 1 1 1h1.4c0 .3.2.6.3.9l-1 1c-.2.2-.3.4-.3.7s0 .5.3.7l2.5 2.5c.4.4 1 .4 1.3 0l1-1 .9.3v1.4c0 .5.4 1 1 1h3.5c.5 0 1-.4 1-1Zm-3.5-16.3v-1.2h1.6v1.2c0 .4.3.8.7.9.6.1 1.3.3 1.8.6.4.2.9.2 1.2-.1l.7-.7 1.2 1.2-.9 1.1c-.2.3-.3.7 0 1.1q.45.75.6 1.5c.1.4.5.7.9.7h1.2v1.6h-1.2c-.4 0-.8.3-.9.7-.1.6-.3 1.2-.6 1.9-.2.4-.2.9.1 1.2l.7.7-1.1 1.1-.7-.7c-.3-.3-.8-.4-1.1-.1-.6.3-1.2.5-1.9.6-.4.1-.7.5-.7.9v1.2h-1.6v-1.2c0-.4-.3-.8-.7-.9q-1.05-.15-1.8-.6c-.4-.2-.9-.2-1.2.1l-.7.7-1.1-1.1.7-.7c.3-.3.4-.8.2-1.1-.3-.6-.5-1.2-.6-1.9-.1-.4-.5-.7-.9-.7h-1.2v-1.6h1.2c.4 0 .8-.3.9-.7q.15-.75.6-1.5c.2-.4.2-.8 0-1.1l-.9-1.1 1.2-1.2.7.7c.3.3.8.4 1.1.1.6-.3 1.2-.5 1.9-.6.4-.1.7-.5.7-.9Z\" class=\"Verfahrenstechnik_svg__cls-1\"><\/path><path d=\"M7.4 14.1c-.3 0-.5.2-.7.4l-.7.9C7.1 8.7 12.2 3.8 18.3 3.8s.6-.1.7-.3c.4-.4.4-1.1 0-1.5-.2-.2-.5-.3-.7-.3V2v-.3c-7 0-13.1 5.6-14.4 13.2l-.3-.6c-.2-.4-.6-.6-1-.6s-.7.2-.8.5c-.2.3-.2.7 0 1l2 4c.2.3.5.6.8.6h.1c.3 0 .6-.2.8-.4l2.8-3.6c.2-.2.2-.5.2-.8s-.2-.5-.4-.7-.5-.2-.8-.2ZM37.1 23.9l-2-4c-.2-.4-.6-.6-1-.6-.3 0-.5.2-.7.4l-2.8 3.6c-.4.5-.3 1.1.2 1.5.2.2.5.2.8.2s.5-.2.7-.4l.7-.9c-1.1 6.7-6.2 11.7-12.3 11.7s-.6.1-.8.3c-.4.4-.4 1.1 0 1.5.2.2.5.3.7.3 7 0 13-5.6 14.3-13.2l.3.5c.2.5.8.8 1.3.6h.1c.3-.1.5-.4.5-.7s0-.6-.1-.8Z\" class=\"Verfahrenstechnik_svg__cls-1\"><\/path><\/svg><\/div><p class=\"interactive-image-title\">Ing\u00e9nierie des proc\u00e9d\u00e9s<\/p><\/div><div class=\"interactive-image-overlay-content\"><p class=\"interactive-image-content\">Solutions pour une efficacit\u00e9 accrue, une production fiable et une qualit\u00e9 de l&rsquo;eau et du papier<\/p><\/div><\/div><\/div>\n<\/div>\n\n\n\n<div class=\"wp-block-column is-layout-flow wp-block-column-is-layout-flow\">\n<div class=\"interactive-image-background\"><img decoding=\"async\" src=\"https:\/\/www.api-paperchem.at\/wp-content\/uploads\/2024\/08\/API_Chemie-Papierindustrie-Anlagenbau-HSE.jpg\" alt=\"Arri\u00e8re-plan\"><div class=\"interactive-image-overlay\"><div class=\"interactive-image-overlay-header\"><div><svg xmlns=\"http:\/\/www.w3.org\/2000\/svg\" id=\"HSE\" aria-hidden=\"true\" viewbox=\"0 0 40 40\" class=\"svg-icon\" style=\"width:35px;height:auto\"><defs><style>.HSE_svg__cls-1{fill:#e84248;stroke-width:0}<\/style><\/defs><path d=\"M20.09 1.67 4.23 6.96v15.86c0 8.76 7.1 15.86 15.86 15.86s15.86-7.1 15.86-15.86V6.96zm12.89 21.14c0 7.12-5.77 12.88-12.88 12.88S7.22 29.92 7.22 22.81V9.18L20.1 4.64l12.88 4.54z\" class=\"HSE_svg__cls-1\"><\/path><path d=\"M14.58 18.65a1.485 1.485 0 1 0-2.1 2.1l5.34 5.34.09.09c.55.55 1.44.55 1.98 0s9.23-9.23 9.23-9.23c.55-.55.55-1.44 0-1.98s-.12-.12-.12-.12c-.55-.55-1.44-.55-1.98 0l-8.12 8.12z\" class=\"HSE_svg__cls-1\"><\/path><\/svg><\/div><p class=\"interactive-image-title\">HSE<\/p><\/div><div class=\"interactive-image-overlay-content\"><p class=\"interactive-image-content\">Une s\u00e9curit\u00e9 maximale du travail, des installations et des pannes, pierre angulaire de notre travail<\/p><\/div><\/div><\/div>\n<\/div>\n<\/div>\n<\/div>\n\n<div class=\"wp-block-group alignfull bottom-wave has-global-padding is-layout-constrained wp-container-core-group-is-layout-3 wp-block-group-is-layout-constrained\" style=\"margin-top:0;margin-bottom:0;padding-top:0px;padding-right:0;padding-bottom:0px;padding-left:0\"><canvas id=\"waveCanvas\"><\/canvas><\/div>\n","protected":false},"excerpt":{"rendered":"<p>Construction d&rsquo;installations Nous d\u00e9veloppons des concepts de dosage sp\u00e9cialement adapt\u00e9s \u00e0 vos besoins, installons les \u00e9quipements de dosage correspondants et assurons leur fonctionnement en continu. Notre objectif est de garantir une efficacit\u00e9 maximale et des processus fluides dans votre production, afin que vous puissiez vous concentrer sur votre c\u0153ur de m\u00e9tier.<\/p>\n","protected":false},"author":1,"featured_media":1994,"parent":0,"menu_order":0,"comment_status":"closed","ping_status":"closed","template":"wp-custom-template-seite-mit-header-bild-2","meta":{"_acf_changed":false,"inline_featured_image":false,"footnotes":""},"class_list":["post-2392","page","type-page","status-publish","has-post-thumbnail","hentry"],"acf":[],"_links":{"self":[{"href":"https:\/\/www.api-paperchem.at\/fr\/wp-json\/wp\/v2\/pages\/2392","targetHints":{"allow":["GET"]}}],"collection":[{"href":"https:\/\/www.api-paperchem.at\/fr\/wp-json\/wp\/v2\/pages"}],"about":[{"href":"https:\/\/www.api-paperchem.at\/fr\/wp-json\/wp\/v2\/types\/page"}],"author":[{"embeddable":true,"href":"https:\/\/www.api-paperchem.at\/fr\/wp-json\/wp\/v2\/users\/1"}],"replies":[{"embeddable":true,"href":"https:\/\/www.api-paperchem.at\/fr\/wp-json\/wp\/v2\/comments?post=2392"}],"version-history":[{"count":5,"href":"https:\/\/www.api-paperchem.at\/fr\/wp-json\/wp\/v2\/pages\/2392\/revisions"}],"predecessor-version":[{"id":3416,"href":"https:\/\/www.api-paperchem.at\/fr\/wp-json\/wp\/v2\/pages\/2392\/revisions\/3416"}],"wp:featuredmedia":[{"embeddable":true,"href":"https:\/\/www.api-paperchem.at\/fr\/wp-json\/wp\/v2\/media\/1994"}],"wp:attachment":[{"href":"https:\/\/www.api-paperchem.at\/fr\/wp-json\/wp\/v2\/media?parent=2392"}],"curies":[{"name":"wp","href":"https:\/\/api.w.org\/{rel}","templated":true}]}}