{"id":2399,"date":"2024-07-17T09:49:10","date_gmt":"2024-07-17T09:49:10","guid":{"rendered":"https:\/\/www.api-paperchem.at\/protection-des-donnees-apicloud\/"},"modified":"2025-02-19T09:52:40","modified_gmt":"2025-02-19T09:52:40","slug":"protection-des-donnees-apicloud","status":"publish","type":"page","link":"https:\/\/www.api-paperchem.at\/fr\/protection-des-donnees-apicloud\/","title":{"rendered":"Protection des donn\u00e9es APICLOUD"},"content":{"rendered":"\n<h1 class=\"wp-block-heading has-accent-color has-text-color has-link-color has-large-font-size wp-elements-da4a51c05148755ca93cece30bfdfb09\" style=\"margin-bottom:var(--wp--preset--spacing--30)\">APICLOUD Protection des donn\u00e9es \/ Politique de confidentialit\u00e9<\/h1>\n\n<h2 class=\"wp-block-heading has-accent-color has-text-color has-link-color has-medium-font-size wp-elements-ab48b8cd3764ebc1cb3609823a8ce710\">PREAMBLE<\/h2>\n\n<p>API-Applications for Paper Industry GmbH &amp; Co KG fournit APICLOUD pour afficher l&rsquo;\u00e9tat de fonctionnement et les valeurs mesur\u00e9es de nos syst\u00e8mes de dosage \u00e0 nos clients (les \u00ab\u00a0Utilisateurs\u00a0\u00bb ou \u00ab\u00a0Vous\u00a0\u00bb) et pour optimiser le fonctionnement et la maintenance (\u00e0 distance) des syst\u00e8mes.<br\/>Nous souhaitons vous remercier de l&rsquo;int\u00e9r\u00eat que vous portez aux produits et services offerts par API et vous assurer que la protection de votre vie priv\u00e9e est une question de premi\u00e8re importance.<br\/>Dans la mesure o\u00f9 la l\u00e9gislation europ\u00e9enne pertinente en mati\u00e8re de protection des donn\u00e9es est applicable, notamment le R\u00e8glement 2016\/679 du Parlement europ\u00e9en et du Conseil du 27 avril 2016 relatif \u00e0 la protection des donn\u00e9es \u00e0 caract\u00e8re personnel (ci-apr\u00e8s d\u00e9nomm\u00e9 \u00ab\u00a0RGPD\u00a0\u00bb), la pr\u00e9sente Politique de confidentialit\u00e9 d\u00e9crit comment et dans quelle mesure APICLOUD (ci-apr\u00e8s d\u00e9nomm\u00e9 le \u00ab\u00a0Service\u00a0\u00bb, \u00ab\u00a0nous\u00a0\u00bb, \u00ab\u00a0notre\u00a0\u00bb ou \u00ab\u00a0nos\u00a0\u00bb) collecte, utilise et partage vos informations personnelles (ci-apr\u00e8s d\u00e9nomm\u00e9es \u00ab\u00a0donn\u00e9es personnelles\u00a0\u00bb ou \u00ab\u00a0informations personnellement identifiables\u00a0\u00bb) lorsque vous utilisez notre application disponible sur iOS et Google Play. EN UTILISANT L&rsquo;APP POUR VOTRE SYST\u00c8ME DE DOSAGE API, VOUS ACCEPTEZ LES PRINCIPES SUIVANTS EN REGLANT LA PROTECTION ET L&rsquo;EXPLOITATION DES DONNEES PERSONNELLES ET NON PERSONNELLES.<br\/>La pr\u00e9sente Politique de confidentialit\u00e9 ne s&rsquo;applique pas \u00e0 tout magasin tiers, y compris en ligne\/mobile, \u00e0 partir duquel vous installez le Service, qui peut \u00e9galement collecter et utiliser des donn\u00e9es vous concernant. Veuillez examiner attentivement les d\u00e9clarations de confidentialit\u00e9 applicables \u00e0 ces tiers.  <\/p>\n\n<h2 class=\"wp-block-heading has-accent-color has-text-color has-link-color has-medium-font-size wp-elements-212765fabbcf7c605400f1e6328e7f95\">  QUI EST LE CONTR\u00d4LEUR DE DONN\u00c9ES<\/h2>\n\n<p>  API-Applications for Paper Industry GmbH &amp; Co KG<br\/> Gewerbepark Brand 16, D-52078 Aachen, Germany, +49 241 47596816, api@api-paperchem.at<\/p>\n\n<h2 class=\"wp-block-heading has-accent-color has-text-color has-link-color has-medium-font-size wp-elements-de0327fe64de0ffa44f139d15993a9c1\">QUELLES SONT LES DONN\u00c9ES QUE NOUS COLLECTONS ?<\/h2>\n\n<p>Lors de l&rsquo;utilisation de nos services et afin de garantir le bon fonctionnement du service, nous pouvons \u00eatre amen\u00e9s \u00e0 vous demander de nous fournir certaines informations personnellement identifiables d\u00e9crites ici.<br\/>En fonction des donn\u00e9es concern\u00e9es, vous pouvez nous fournir des informations directement, nous pouvons collecter des informations vous concernant lorsque vous utilisez le service, nous pouvons collecter des informations suppl\u00e9mentaires vous concernant conform\u00e9ment \u00e0 la loi applicable.<br\/>Nous collectons des informations directement aupr\u00e8s de vous lorsque vous choisissez de vous inscrire au service :  <\/p>\n\n<ul class=\"wp-block-list icon-minus\">\n<li>Donn\u00e9es d&rsquo;identification : Nom d&rsquo;utilisateur et\/ou adresse e-mail<\/li>\n<\/ul>\n\n<p>Nous pouvons collecter des informations sur votre appareil et votre activit\u00e9 en ligne lorsque vous utilisez le Service :<\/p>\n\n<ul class=\"wp-block-list icon-minus\">\n<li>  ID de l&rsquo;appareil ou autres : ID qui se rapportent \u00e0 des appareils individuels, des navigateurs ou des applications, par exemple le type de navigateur, le syst\u00e8me d&rsquo;exploitation, un num\u00e9ro IMEI, l&rsquo;adresse MAC, l&rsquo;adresse IP et\/ou l&rsquo;ID de l&rsquo;appareil, les ID des utilisateurs, l&#8217;emplacement approximatif ou exact de l&rsquo;appareil.<\/li>\n\n\n\n<li>  Activit\u00e9s de l&rsquo;application : informations sur la mani\u00e8re dont vous interagissez avec l&rsquo;application, par exemple la fr\u00e9quence \u00e0 laquelle vous acc\u00e9dez au service, les donn\u00e9es de journal, les interactions avec l&rsquo;application, l&rsquo;historique des recherches, les applications install\u00e9es &#8230;<\/li>\n<\/ul>\n\n<p>APICLOUD peut \u00e9galement collecter des informations sur votre appareil et votre activit\u00e9 en ligne lorsque vous utilisez le Service, qui ne sont pas consid\u00e9r\u00e9es comme des informations personnellement identifiables :<\/p>\n\n<ul class=\"wp-block-list icon-minus\">\n<li>  Informations et performances de l&rsquo;application : donn\u00e9es de crash de l&rsquo;application, par exemple le nombre de fois o\u00f9 l&rsquo;application s&rsquo;est crash\u00e9e sur l&rsquo;appareil, ou toute autre information directement li\u00e9e \u00e0 un crash Informations sur les performances de l&rsquo;application sur l&rsquo;appareil, par exemple la dur\u00e9e de vie de la batterie, les temps de chargement, la latence, le taux d&rsquo;images ou les donn\u00e9es de diagnostic technique ainsi que d&rsquo;autres performances ou donn\u00e9es de diagnostic de l&rsquo;application.<\/li>\n\n\n\n<li>  Donn\u00e9es non personnelles relatives au fonctionnement technique de nos syst\u00e8mes de dosage, par ex. valeurs d&rsquo;\u00e9tat du syst\u00e8me et du b\u00e2timent telles que r\u00e9glages d&rsquo;\u00e9v\u00e9nements, param\u00e8tres et temps de fonctionnement, consommation d&rsquo;\u00e9nergie, programmation horaire personnalis\u00e9e, enregistrement d&rsquo;\u00e9v\u00e9nements, profils d&rsquo;utilisateurs et actions s\u00e9lectionn\u00e9s, informations syst\u00e8me.<\/li>\n<\/ul>\n\n<p>Nous pouvons enfin recevoir des informations vous concernant de sources publiques et commercialement disponibles, conform\u00e9ment \u00e0 la loi applicable. En outre, nous pouvons collecter d&rsquo;autres informations que vous autorisez un tiers \u00e0 nous fournir. Toutes les informations que nous recueillons \u00e0 votre sujet peuvent \u00eatre combin\u00e9es pour nous aider \u00e0 am\u00e9liorer nos produits et services et \u00e0 personnaliser nos communications avec vous.  <\/p>\n\n<h2 class=\"wp-block-heading has-accent-color has-text-color has-link-color has-medium-font-size wp-elements-53964d8d32be2e212c997ccec909e933\">BUT ET BASE L\u00c9GALE DU TRAITEMENT DES DONN\u00c9ES PERSONNELLES ?<\/h2>\n\n<p>Besoins fond\u00e9s sur l&rsquo;ex\u00e9cution d&rsquo;un contrat :<br\/>Nous collectons certaines donn\u00e9es personnelles \u00e0 des fins qui entrent dans le champ d&rsquo;application de l&rsquo;article 6(1)(b) du RGPD. Conform\u00e9ment \u00e0 celui-ci, le traitement est licite, entre autres, lorsqu&rsquo;il est n\u00e9cessaire \u00e0 l&rsquo;ex\u00e9cution d&rsquo;un contrat auquel le sujet des donn\u00e9es est partie. Ces finalit\u00e9s sont les suivantes :  <\/p>\n\n<ul class=\"wp-block-list icon-minus\">\n<li>Vous permettre d&rsquo;acc\u00e9der et d&rsquo;utiliser le service via l&rsquo;application ;<\/li>\n\n\n\n<li>Transmettre les donn\u00e9es du syst\u00e8me de dosage \u00e0 nos employ\u00e9s, soci\u00e9t\u00e9s affili\u00e9es ou partenaires de maintenance externes avec lesquels vous avez convenu d&rsquo;une maintenance (\u00e0 distance) et\/ou d&rsquo;une installation, d&rsquo;un contr\u00f4le, d&rsquo;une surveillance et\/ou d&rsquo;une utilisation \u00e0 distance et d&rsquo;un diagnostic de panne ;<\/li>\n\n\n\n<li>Nous permettre de fournir des services de maintenance (\u00e0 distance), d&rsquo;installation, de contr\u00f4le, de surveillance ou de diagnostic pour votre syst\u00e8me de dosage ;<\/li>\n\n\n\n<li>Transfert de donn\u00e9es des mesures en ligne et des messages d&rsquo;alarme du syst\u00e8me et de l&rsquo;\u00e9quipement de dosage.<\/li>\n<\/ul>\n\n<p class=\"icon-minus\">Les objectifs fond\u00e9s sur notre int\u00e9r\u00eat l\u00e9gitime :<\/p>\n\n<p>Nous collectons certaines de vos donn\u00e9es personnelles \u00e0 des fins qui entrent dans le champ d&rsquo;application de l&rsquo;article 6.1 (f) du RGPD, selon lequel le traitement est l\u00e9gal s&rsquo;il est n\u00e9cessaire aux fins des int\u00e9r\u00eats l\u00e9gitimes poursuivis par le responsable du traitement. Ces objectifs sont les suivants : <\/p>\n\n<ul class=\"wp-block-list icon-minus\">\n<li>Authentification de l&rsquo;utilisateur et garantie de la s\u00e9curit\u00e9 du service ;<\/li>\n\n\n\n<li>G\u00e9rer et surveiller la relation avec le client ;<\/li>\n\n\n\n<li>Vous envoyer un email concernant votre compte ;<\/li>\n\n\n\n<li>Demander des commentaires et vous contacter au sujet de votre utilisation du service ;<\/li>\n\n\n\n<li>V\u00e9rifier l&rsquo;exactitude des donn\u00e9es ;<\/li>\n\n\n\n<li>Augmenter l&rsquo;efficacit\u00e9 et le fonctionnement du service ;<\/li>\n\n\n\n<li>Am\u00e9lioration de l&rsquo;application et des syst\u00e8mes de dosage connect\u00e9s, y compris l&rsquo;analyse des erreurs et le d\u00e9pannage ;<\/li>\n\n\n\n<li>Recherche et d\u00e9veloppement ;<\/li>\n<\/ul>\n\n<h2 class=\"wp-block-heading has-accent-color has-text-color has-link-color has-medium-font-size wp-elements-b7e5252e0b25ea47568771b38989c9aa\">\u00c0 QUI POUVONS-NOUS TRANSF\u00c9RER VOS DONN\u00c9ES ?<\/h2>\n\n<p>Nous pouvons partager des informations que nous avons collect\u00e9es \u00e0 votre sujet dans certaines situations. Nous ne partagerons vos donn\u00e9es personnelles qu&rsquo;avec des destinataires autoris\u00e9s et sp\u00e9cifi\u00e9s dans le but de r\u00e9aliser les objectifs susmentionn\u00e9s.<br\/>Les destinataires possibles de vos donn\u00e9es personnelles peuvent \u00eatre notamment <\/p>\n\n<ul class=\"wp-block-list icon-minus\">\n<li>API-Applications for Paper Industry GmbH &amp; Co KG filiales, soci\u00e9t\u00e9s affili\u00e9es, soci\u00e9t\u00e9s m\u00e8res ou soci\u00e9t\u00e9s s\u0153urs, qui sont responsables de la fourniture technique et du support de l&rsquo;application. Les affili\u00e9s comprennent toute filiale, partenaire de coentreprise ou autre soci\u00e9t\u00e9 que nous contr\u00f4lons ou qui est sous contr\u00f4le commun avec nous ; <\/li>\n\n\n\n<li>Nos employ\u00e9s qui ont besoin d&rsquo;acc\u00e9der aux donn\u00e9es personnelles afin d&rsquo;ex\u00e9cuter le service (\u00ab\u00a0principe du besoin de savoir\u00a0\u00bb) ;<\/li>\n\n\n\n<li>les services internes de vente et de marketing, de recherche et de d\u00e9veloppement, de production, les services responsables des relations avec les clients ainsi que les services logistiques et informatiques d&rsquo;API ;<\/li>\n\n\n\n<li>Les prestataires de services API impliqu\u00e9s dans la fourniture technique de notre service, pour faciliter notre service, pour fournir le service en notre nom, pour ex\u00e9cuter des services li\u00e9s au service ou pour nous aider \u00e0 analyser la fa\u00e7on dont notre service est utilis\u00e9. Toutefois, ils sont tenus de ne pas divulguer ou utiliser les informations \u00e0 toute autre fin conform\u00e9ment \u00e0 l&rsquo;accord de traitement des donn\u00e9es applicable. <\/li>\n\n\n\n<li>Sous r\u00e9serve des dispositions l\u00e9gales applicables, les autorit\u00e9s de contr\u00f4le comp\u00e9tentes ;<\/li>\n\n\n\n<li>Sous r\u00e9serve des dispositions l\u00e9gales applicables, les autorit\u00e9s gouvernementales ;<\/li>\n\n\n\n<li>Sous r\u00e9serve des dispositions l\u00e9gales applicables, nos conseillers juridiques ainsi que les tribunaux et juridictions.<\/li>\n<\/ul>\n\n<h2 class=\"wp-block-heading has-accent-color has-text-color has-link-color has-medium-font-size wp-elements-21ee581c5861dc9d3fdb0a788b91595e\">P\u00c9RIODES DE R\u00c9TENTION<\/h2>\n\n<p>Nous conservons les donn\u00e9es personnelles que vous fournissez tant que votre compte reste actif et dans la mesure o\u00f9 elles sont n\u00e9cessaires pour vous fournir les services de l&rsquo;application. Ceci inclut les donn\u00e9es n\u00e9cessaires au fonctionnement optimal de l&rsquo;application, \u00e0 la gestion des demandes d&rsquo;assistance des utilisateurs et \u00e0 la mise en place de fonctionnalit\u00e9s sp\u00e9cifiques \u00e0 l&rsquo;utilisateur.<br\/>A votre demande de r\u00e9siliation de votre compte, nous d\u00e9sactiverons ou supprimerons votre compte et les informations de nos bases de donn\u00e9es actives dans un d\u00e9lai de 30 jours, sauf si la conservation est n\u00e9cessaire pour respecter nos obligations l\u00e9gales, r\u00e9soudre des litiges, ou appliquer notre accord (pr\u00e9venir les fraudes, r\u00e9soudre des probl\u00e8mes, assister \u00e0 toute enqu\u00eate, respecter nos conditions d&rsquo;utilisation, se conformer aux exigences l\u00e9gales, d\u00e9fendre nos droits en cas de litige, &#8230;). Les donn\u00e9es ainsi conserv\u00e9es seront trait\u00e9es conform\u00e9ment aux exigences l\u00e9gales, apr\u00e8s quoi elles seront supprim\u00e9es de mani\u00e8re s\u00e9curis\u00e9e ou rendues anonymes.  <br\/>  Vous pouvez \u00e0 tout moment revoir ou modifier les informations de votre compte ou mettre fin \u00e0 votre compte par :<\/p>\n\n<ul class=\"wp-block-list icon-minus\">\n<li>Se connecter aux param\u00e8tres de votre compte et mettre \u00e0 jour votre compte ;<\/li>\n\n\n\n<li>Contactez-nous en utilisant les informations de contact fournies ci-dessous.<\/li>\n<\/ul>\n\n<h2 class=\"wp-block-heading has-accent-color has-text-color has-link-color has-medium-font-size wp-elements-94968ecf213b6add34d3ad376304157e\">MESURES DE S\u00c9CURIT\u00c9<\/h2>\n\n<p>Nous appr\u00e9cions la confiance que vous nous accordez en nous fournissant vos donn\u00e9es personnelles, c&rsquo;est pourquoi nous nous effor\u00e7ons d&rsquo;utiliser des mesures de s\u00e9curit\u00e9 administratives, techniques et physiques commercialement acceptables pour les prot\u00e9ger. En particulier, toutes les donn\u00e9es personnelles que vous nous fournissez lors de l&rsquo;inscription ou de l&rsquo;utilisation du Service nous sont transmises sous forme crypt\u00e9e. Vos donn\u00e9es sont prot\u00e9g\u00e9es par un mot de passe sur tous les syst\u00e8mes dans lesquels elles sont stock\u00e9es. Les personnes qui y ont acc\u00e8s ne sont pas autoris\u00e9es \u00e0 transmettre vos donn\u00e9es \u00e0 des tiers en raison d&rsquo;exigences strictes en mati\u00e8re de s\u00e9curit\u00e9.<br\/>Bien que nous mettions en \u0153uvre des mesures robustes pour prot\u00e9ger les informations personnelles que vous partagez avec nous, il est important de comprendre qu&rsquo;aucun syst\u00e8me de s\u00e9curit\u00e9 n&rsquo;est infaillible ou \u00e0 l&rsquo;abri des violations. De m\u00eame, aucune transmission de donn\u00e9es sur Internet ou sur d&rsquo;autres r\u00e9seaux ne peut \u00eatre garantie 100% s\u00fbre contre l&rsquo;interception ou l&rsquo;utilisation abusive. Par cons\u00e9quent, bien que nous nous efforcions de prot\u00e9ger vos informations personnelles, nous ne pouvons pas assurer ou garantir la s\u00e9curit\u00e9 absolue de toute information que vous nous transmettez. Veuillez noter que toute information envoy\u00e9e via Internet est potentiellement \u00e0 risque et pourrait \u00eatre accessible par des personnes non autoris\u00e9es.      <\/p>\n\n<h2 class=\"wp-block-heading has-accent-color has-text-color has-link-color has-medium-font-size wp-elements-e2c3455b789168567aa37cb928f31080\">  AVIS DE NON-RESPONSABILIT\u00c9 POUR L&rsquo;UTILISATION RESPONSABLE DES INFORMATIONS RELATIVES AU MOT DE PASSE ET AU COMPTE<\/h2>\n\n<p>En utilisant APICLOUD, vous reconnaissez et acceptez que la s\u00e9curit\u00e9 de votre mot de passe et des informations de votre compte rel\u00e8ve de votre seule responsabilit\u00e9. Vous \u00eates seul responsable du maintien de la confidentialit\u00e9 de votre mot de passe et des informations de votre compte, ainsi que de toutes les activit\u00e9s qui se d\u00e9roulent sous votre compte. <br\/>  Vous acceptez de ne pas partager, transf\u00e9rer ou permettre \u00e0 d&rsquo;autres d&rsquo;utiliser votre compte ou votre mot de passe. La mise \u00e0 disposition de votre mot de passe \u00e0 toute autre personne ou entit\u00e9 constitue une violation des conditions d&rsquo;utilisation et peut entra\u00eener la r\u00e9siliation imm\u00e9diate de votre compte. Vous devez nous informer imm\u00e9diatement si vous soup\u00e7onnez une utilisation non autoris\u00e9e de votre compte ou tout autre manquement \u00e0 la s\u00e9curit\u00e9.  <\/p>\n\n<h2 class=\"wp-block-heading has-accent-color has-text-color has-link-color has-medium-font-size wp-elements-d3779a4523b8052b2ec564235d878253\">LIMITATION DE RESPONSABILIT\u00c9<\/h2>\n\n<p>En aucun cas API-Applications for Paper Industry GmbH &amp; Co KG ou ses affili\u00e9s, partenaires, agents ne pourront \u00eatre tenus responsables de dommages directs, indirects, incidents, sp\u00e9ciaux, cons\u00e9cutifs ou exemplaires, y compris, mais sans s&rsquo;y limiter, de dommages pour pertes de profits, de goodwill, d&rsquo;utilisation, de donn\u00e9es ou d&rsquo;autres pertes intangibles, r\u00e9sultant de ou li\u00e9s \u00e0 (i) votre utilisation ou incapacit\u00e9 \u00e0 utiliser l&rsquo;Application ; (ii) de votre incapacit\u00e9 \u00e0 conserver votre mot de passe ou les d\u00e9tails de votre compte en toute s\u00e9curit\u00e9 et confidentialit\u00e9 ; (iii) de l&rsquo;acc\u00e8s \u00e0 votre compte par une autre personne, avec ou sans votre connaissance ou votre consentement ; ou (iv) de tout autre sujet relatif \u00e0 l&rsquo;application ou \u00e0 l&rsquo;utilisation de l&rsquo;application.    <br\/>  Vous reconnaissez par la pr\u00e9sente que cette clause de non-responsabilit\u00e9 refl\u00e8te une r\u00e9partition juste et raisonnable des risques et constitue un \u00e9l\u00e9ment fondamental de la base du contrat entre vous et APICLOUD. L&rsquo;Application ne serait pas fournie sans de telles limitations de responsabilit\u00e9 et votre accord pour maintenir la s\u00e9curit\u00e9 des informations de votre compte. <\/p>\n\n<h2 class=\"wp-block-heading has-accent-color has-text-color has-link-color has-medium-font-size wp-elements-6b53141d89cfc2cd4107d8bd61f407d3\">L&rsquo;INTIMIT\u00c9 DES ENFANTS<\/h2>\n\n<p>Le Service ne s&rsquo;adresse pas aux personnes de moins de 13 ans. Nous ne collectons pas sciemment d&rsquo;informations personnellement identifiables aupr\u00e8s d&rsquo;enfants de moins de 13 ans. Si nous d\u00e9couvrons qu&rsquo;un enfant de moins de 13 ans nous a fourni des informations personnelles, nous les supprimons imm\u00e9diatement de nos serveurs. Si vous \u00eates un parent ou un tuteur et que vous savez que votre enfant nous a fourni des informations personnelles, veuillez nous contacter afin que nous puissions prendre les mesures n\u00e9cessaires. <\/p>\n\n<h2 class=\"wp-block-heading has-accent-color has-text-color has-link-color has-medium-font-size wp-elements-ba8d41fd841e006c3493713082a26784\">TRANSFERT DE VOS DONN\u00c9ES VERS DES PAYS TIERS (EN DEHORS DE L&rsquo;EEA)<\/h2>\n\n<p>En principe, nous ne partagerons pas, ne transf\u00e9rerons pas ou ne distribuerons pas de donn\u00e9es personnelles dans des pays tiers (en dehors de l&rsquo;Espace \u00e9conomique europ\u00e9en), sauf si l&rsquo;objectif du service l&rsquo;exige, si la loi le requiert ou si vous consentez express\u00e9ment \u00e0 un tel transfert.<br\/>  Le traitement des donn\u00e9es en notre nom peut \u00eatre effectu\u00e9 par un processeur situ\u00e9 en dehors de l&rsquo;UE ou de l&rsquo;EEE. Si, dans un tel cas, il n&rsquo;y a pas de d\u00e9cision appropri\u00e9e de la Commission en ce qui concerne le pays destinataire, nous convenons de garanties appropri\u00e9es pour la protection des donn\u00e9es personnelles avec un fournisseur de services correspondant, en particulier en concluant les clauses contractuelles standard de l&rsquo;UE applicables. <\/p>\n\n<h2 class=\"wp-block-heading has-accent-color has-text-color has-link-color has-medium-font-size wp-elements-6dc09d985fdee5428a460bb72296d8c4\">VOS DROITS<\/h2>\n\n<p>Vous disposez d&rsquo;un certain nombre de droits concernant la protection de vos donn\u00e9es personnelles. En effet, dans le cadre et l&rsquo;\u00e9tendue des dispositions l\u00e9gales pertinentes, principalement le RGPD, vous avez le droit : <\/p>\n\n<ul class=\"wp-block-list icon-minus\">\n<li>Pour obtenir une liste des donn\u00e9es personnelles que nous d\u00e9tenons \u00e0 votre sujet (droit d&rsquo;acc\u00e8s).<\/li>\n\n\n\n<li>Demander que nous mettions \u00e0 jour les donn\u00e9es personnelles que nous d\u00e9tenons \u00e0 votre sujet ou que nous corrigions les donn\u00e9es personnelles que vous consid\u00e9rez comme incorrectes ou incompl\u00e8tes (droit de rectification).<\/li>\n\n\n\n<li>Conform\u00e9ment aux conditions \u00e9nonc\u00e9es \u00e0 l&rsquo;article 17 du RGPD, de demander la suppression, d\u00e8s que possible, des donn\u00e9es \u00e0 caract\u00e8re personnel vous concernant (droit d&rsquo;\u00eatre oubli\u00e9).<\/li>\n\n\n\n<li>demander, conform\u00e9ment aux dispositions l\u00e9gales auxquelles nous sommes soumis, que nous supprimions les donn\u00e9es \u00e0 caract\u00e8re personnel que nous d\u00e9tenons \u00e0 votre sujet ou que nous limitions la mani\u00e8re dont nous utilisons ces donn\u00e9es \u00e0 caract\u00e8re personnel (droit de limitation).<\/li>\n\n\n\n<li>Recevoir une copie de vos donn\u00e9es personnelles, que vous nous avez fournies, dans un format structur\u00e9, couramment utilis\u00e9 et lisible par machine et les transmettre \u00e0 un tiers, dans la mesure o\u00f9 le traitement est bas\u00e9 sur votre consentement ou sur un contrat (droit \u00e0 la portabilit\u00e9).<\/li>\n\n\n\n<li>Pour vous opposer au traitement de vos donn\u00e9es personnelles (droit d&rsquo;opposition).<\/li>\n\n\n\n<li>Sauf dans certains cas sp\u00e9cifiques, le droit de ne pas \u00eatre le sujet d&rsquo;une d\u00e9cision fond\u00e9e exclusivement sur un traitement automatis\u00e9, y compris le profilage, produisant des effets juridiques vous concernant ou vous affectant de mani\u00e8re significative d&rsquo;une mani\u00e8re similaire (d\u00e9cision individuelle automatis\u00e9e, y compris le profilage).<\/li>\n\n\n\n<li>Si vous n&rsquo;\u00eates pas satisfait de la mani\u00e8re dont nous traitons vos donn\u00e9es personnelles, vous avez le droit de d\u00e9poser une plainte aupr\u00e8s de l&rsquo;autorit\u00e9 de contr\u00f4le de votre juridiction. Si vous souhaitez \u00eatre orient\u00e9 vers l&rsquo;autorit\u00e9 de contr\u00f4le appropri\u00e9e, veuillez nous contacter comme indiqu\u00e9 ci-dessous (droit de d\u00e9poser une plainte aupr\u00e8s de l&rsquo;autorit\u00e9 de contr\u00f4le comp\u00e9tente) : <\/li>\n\n\n\n<li>En Allemagne, l&rsquo;autorit\u00e9 de contr\u00f4le comp\u00e9tente est le BfDI &#8211; Commissaire f\u00e9d\u00e9ral \u00e0 la protection des donn\u00e9es et \u00e0 la libert\u00e9 d&rsquo;information.<\/li>\n<\/ul>\n\n<h2 class=\"wp-block-heading has-accent-color has-text-color has-link-color has-medium-font-size wp-elements-b0c04f6eca968dad0011bfd3e0eb4e9a\">MODIFICATIONS DE CETTE POLITIQUE DE CONFIDENTIALIT\u00c9  <\/h2>\n\n<p>Cette politique est effective \u00e0 compter du 01\/05\/2024.<br\/>  Nous pouvons mettre \u00e0 jour notre politique de confidentialit\u00e9 de temps \u00e0 autre. Par cons\u00e9quent, nous vous conseillons de v\u00e9rifier p\u00e9riodiquement cette page pour tout changement. Nous vous informerons de tout changement en publiant la nouvelle politique de confidentialit\u00e9 sur cette page ainsi que sur notre site web. Ces modifications prendront effet imm\u00e9diatement apr\u00e8s leur publication sur cette page. La pr\u00e9sente Politique de Confidentialit\u00e9, son interpr\u00e9tation et son ex\u00e9cution sont r\u00e9gies exclusivement par le droit allemand. Les tribunaux allemands auront comp\u00e9tence exclusive pour conna\u00eetre de tout litige r\u00e9sultant de l&rsquo;interpr\u00e9tation et de l&rsquo;ex\u00e9cution de la pr\u00e9sente Politique.     <\/p>\n\n<h2 class=\"wp-block-heading has-accent-color has-text-color has-link-color has-medium-font-size wp-elements-f7717412631bbb0b061f7e209e38ef48\">CONTACTEZ NOUS<\/h2>\n\n<p>Si vous avez des questions ou des suggestions concernant notre politique de confidentialit\u00e9, n&rsquo;h\u00e9sitez pas \u00e0 nous contacter par e-mail api@api-paperchem.at ou par t\u00e9l\u00e9phone +43 6219-20340-0 ou +49 241 47596816.<\/p>\n\n<p><\/p>\n","protected":false},"excerpt":{"rendered":"<p>APICLOUD Protection des donn\u00e9es \/ Politique de confidentialit\u00e9 PREAMBLE API-Applications for Paper Industry GmbH &amp; Co KG fournit APICLOUD pour afficher l&rsquo;\u00e9tat de fonctionnement et les valeurs mesur\u00e9es de nos syst\u00e8mes de dosage \u00e0 nos clients (les \u00ab\u00a0Utilisateurs\u00a0\u00bb ou \u00ab\u00a0Vous\u00a0\u00bb) et pour optimiser le fonctionnement et la maintenance (\u00e0 distance) des syst\u00e8mes.Nous souhaitons vous remercier [&hellip;]<\/p>\n","protected":false},"author":1,"featured_media":0,"parent":0,"menu_order":0,"comment_status":"closed","ping_status":"closed","template":"","meta":{"_acf_changed":false,"inline_featured_image":false,"footnotes":""},"class_list":["post-2399","page","type-page","status-publish","hentry"],"acf":[],"_links":{"self":[{"href":"https:\/\/www.api-paperchem.at\/fr\/wp-json\/wp\/v2\/pages\/2399","targetHints":{"allow":["GET"]}}],"collection":[{"href":"https:\/\/www.api-paperchem.at\/fr\/wp-json\/wp\/v2\/pages"}],"about":[{"href":"https:\/\/www.api-paperchem.at\/fr\/wp-json\/wp\/v2\/types\/page"}],"author":[{"embeddable":true,"href":"https:\/\/www.api-paperchem.at\/fr\/wp-json\/wp\/v2\/users\/1"}],"replies":[{"embeddable":true,"href":"https:\/\/www.api-paperchem.at\/fr\/wp-json\/wp\/v2\/comments?post=2399"}],"version-history":[{"count":12,"href":"https:\/\/www.api-paperchem.at\/fr\/wp-json\/wp\/v2\/pages\/2399\/revisions"}],"predecessor-version":[{"id":3286,"href":"https:\/\/www.api-paperchem.at\/fr\/wp-json\/wp\/v2\/pages\/2399\/revisions\/3286"}],"wp:attachment":[{"href":"https:\/\/www.api-paperchem.at\/fr\/wp-json\/wp\/v2\/media?parent=2399"}],"curies":[{"name":"wp","href":"https:\/\/api.w.org\/{rel}","templated":true}]}}